{"id":11991,"date":"2024-06-28T11:44:14","date_gmt":"2024-06-28T11:44:14","guid":{"rendered":"https:\/\/tenborin.org\/a-propos-de-horinji\/"},"modified":"2024-06-28T12:50:13","modified_gmt":"2024-06-28T12:50:13","slug":"a-propos-de-horinji","status":"publish","type":"page","link":"https:\/\/tenborin.org\/en\/a-propos-de-horinji\/","title":{"rendered":"About H\u014drinji"},"content":{"rendered":"[vc_row type=&#8221;in_container&#8221; full_screen_row_position=&#8221;middle&#8221; column_margin=&#8221;default&#8221; column_direction=&#8221;default&#8221; column_direction_tablet=&#8221;default&#8221; column_direction_phone=&#8221;default&#8221; scene_position=&#8221;center&#8221; top_margin=&#8221;30&#8243; text_color=&#8221;dark&#8221; text_align=&#8221;left&#8221; row_border_radius=&#8221;none&#8221; row_border_radius_applies=&#8221;bg&#8221; overflow=&#8221;visible&#8221; overlay_strength=&#8221;0.3&#8243; gradient_direction=&#8221;left_to_right&#8221; shape_divider_position=&#8221;bottom&#8221; bg_image_animation=&#8221;none&#8221; gradient_type=&#8221;default&#8221; shape_type=&#8221;&#8221;][vc_column column_padding=&#8221;no-extra-padding&#8221; column_padding_tablet=&#8221;inherit&#8221; column_padding_phone=&#8221;inherit&#8221; column_padding_position=&#8221;all&#8221; top_margin=&#8221;30&#8243; column_element_direction_desktop=&#8221;default&#8221; column_element_spacing=&#8221;default&#8221; desktop_text_alignment=&#8221;default&#8221; tablet_text_alignment=&#8221;default&#8221; phone_text_alignment=&#8221;default&#8221; background_color_opacity=&#8221;1&#8243; background_hover_color_opacity=&#8221;1&#8243; column_backdrop_filter=&#8221;none&#8221; column_shadow=&#8221;none&#8221; column_border_radius=&#8221;none&#8221; column_link_target=&#8221;_self&#8221; column_position=&#8221;default&#8221; gradient_direction=&#8221;left_to_right&#8221; overlay_strength=&#8221;0.3&#8243; width=&#8221;2\/3&#8243; tablet_width_inherit=&#8221;default&#8221; animation_type=&#8221;default&#8221; bg_image_animation=&#8221;none&#8221; border_type=&#8221;simple&#8221; column_border_width=&#8221;none&#8221; column_border_style=&#8221;solid&#8221; column_padding_type=&#8221;default&#8221; gradient_type=&#8221;default&#8221;][vc_column_text text_direction=&#8221;default&#8221;]\n<h2 class=\"wp-block-heading\">Why Support Us ?<\/h2>\n<p>The H\u014drinji religious association, the S\u014dt\u014d Zen Buddhist Wheel of Dharma Association, aims to facilitate S\u014dt\u014d Zen Buddhist practice and to transmit the teachings of the Buddha, Dogen Zenji, Keizan Zenji and the masters of the S\u014dt\u014d Zen school.<\/p>\n<p>Following the closure of the Lanau Zen Buddhist Centre, the H\u014drinji religious association was transferred to promote and administer the management of religious practice at the Bodaiju Zen Buddhist Centre in Esvres sur Indre. Its mission is also to prepare for the future, to support the ministers of the religon, referring to the lineage and teachings of the Rev, Guy Mokuh\u014d Mercier and, if necessary, to develop new projects.<\/p>\n<p>H\u014drinji can receive legacies and donations entitling French tax payers to a tax deduction of 2\/3 to 3\/4 of the amount on their tax form. These donations are very welcome. They will enable us to help those who need to refocus, meditate, deepen their understanding of the Way and open their bodhisattva heart.<\/p>\n<p>Together with you, we are part of this movement to bring a little stability to the world by keeping the Buddha&#8217;s teaching alive.<\/p>\n<p>This HelloAsso account allows you to make a donation in just a few clicks. French tax payers will receive a tax receipt for all your donations in the first quarter of the following year. You can, of course, make a direct transfer to the H\u00f4rinji religious association&#8217;s bank account or pay by cheque.<\/p>\n<p>We would like to thank you in advance for your support and generosity.<\/p>\n<p>With our profound Gassho,<\/p>\n<p>Rev. Jean-Marc Kukan Delom , President, H\u014drinji Association<br \/>\nRev. Guy Mokuh\u014d Mercier, Vice-President,\u00a0 H\u014drinji Association<br \/>\nRev. Erika Koji Le Cadre, Treasurer,\u00a0 H\u014drinj Association[\/vc_column_text][\/vc_column][vc_column column_padding=&#8221;no-extra-padding&#8221; column_padding_tablet=&#8221;inherit&#8221; column_padding_phone=&#8221;inherit&#8221; column_padding_position=&#8221;all&#8221; column_element_direction_desktop=&#8221;default&#8221; column_element_spacing=&#8221;default&#8221; centered_text=&#8221;true&#8221; desktop_text_alignment=&#8221;default&#8221; tablet_text_alignment=&#8221;default&#8221; phone_text_alignment=&#8221;default&#8221; background_color_opacity=&#8221;1&#8243; background_hover_color_opacity=&#8221;1&#8243; column_backdrop_filter=&#8221;none&#8221; column_shadow=&#8221;none&#8221; column_border_radius=&#8221;none&#8221; column_link_target=&#8221;_self&#8221; column_position=&#8221;default&#8221; gradient_direction=&#8221;left_to_right&#8221; overlay_strength=&#8221;0.3&#8243; width=&#8221;1\/3&#8243; tablet_width_inherit=&#8221;default&#8221; animation_type=&#8221;default&#8221; bg_image_animation=&#8221;none&#8221; border_type=&#8221;simple&#8221; column_border_width=&#8221;none&#8221; column_border_style=&#8221;solid&#8221; column_padding_type=&#8221;default&#8221; gradient_type=&#8221;default&#8221;][divider line_type=&#8221;No Line&#8221; custom_height=&#8221;50&#8243;][nectar_btn size=&#8221;large&#8221; open_new_tab=&#8221;true&#8221; button_style=&#8221;regular&#8221; button_color_2=&#8221;Extra-Color-1&#8243; icon_family=&#8221;none&#8221; text=&#8221;Click here to donate&#8221; url=&#8221;https:\/\/www.helloasso.com\/associations\/association-cultuelle-horinji\/formulaires\/1&#8243;][vc_column_text text_direction=&#8221;default&#8221;]\n<p style=\"text-align: center;\">OU<\/p>\n<p style=\"text-align: center;\">Scanner:<\/p>\n<p><img loading=\"lazy\" decoding=\"async\" class=\"aligncenter wp-image-11984 size-full\" src=\"https:\/\/tenborin.org\/wp-content\/uploads\/2024\/06\/qr-code.jpg\" alt=\"\" width=\"176\" height=\"167\" \/>[\/vc_column_text][\/vc_column][\/vc_row]\n","protected":false},"excerpt":{"rendered":"<p>[vc_row type=&#8221;in_container&#8221; full_screen_row_position=&#8221;middle&#8221; column_margin=&#8221;default&#8221; column_direction=&#8221;default&#8221; column_direction_tablet=&#8221;default&#8221; column_direction_phone=&#8221;default&#8221; scene_position=&#8221;center&#8221; top_margin=&#8221;30&#8243; text_color=&#8221;dark&#8221; text_align=&#8221;left&#8221; row_border_radius=&#8221;none&#8221; row_border_radius_applies=&#8221;bg&#8221; overflow=&#8221;visible&#8221; overlay_strength=&#8221;0.3&#8243; gradient_direction=&#8221;left_to_right&#8221; shape_divider_position=&#8221;bottom&#8221; bg_image_animation=&#8221;none&#8221; gradient_type=&#8221;default&#8221; shape_type=&#8221;&#8221;][vc_column column_padding=&#8221;no-extra-padding&#8221; column_padding_tablet=&#8221;inherit&#8221; column_padding_phone=&#8221;inherit&#8221; column_padding_position=&#8221;all&#8221; top_margin=&#8221;30&#8243; column_element_direction_desktop=&#8221;default&#8221; column_element_spacing=&#8221;default&#8221; desktop_text_alignment=&#8221;default&#8221; tablet_text_alignment=&#8221;default&#8221; phone_text_alignment=&#8221;default&#8221;&#8230;<\/p>\n","protected":false},"author":1,"featured_media":0,"parent":0,"menu_order":0,"comment_status":"closed","ping_status":"closed","template":"","meta":{"footnotes":""},"class_list":["post-11991","page","type-page","status-publish"],"jetpack_sharing_enabled":true,"_links":{"self":[{"href":"https:\/\/tenborin.org\/en\/wp-json\/wp\/v2\/pages\/11991","targetHints":{"allow":["GET"]}}],"collection":[{"href":"https:\/\/tenborin.org\/en\/wp-json\/wp\/v2\/pages"}],"about":[{"href":"https:\/\/tenborin.org\/en\/wp-json\/wp\/v2\/types\/page"}],"author":[{"embeddable":true,"href":"https:\/\/tenborin.org\/en\/wp-json\/wp\/v2\/users\/1"}],"replies":[{"embeddable":true,"href":"https:\/\/tenborin.org\/en\/wp-json\/wp\/v2\/comments?post=11991"}],"version-history":[{"count":3,"href":"https:\/\/tenborin.org\/en\/wp-json\/wp\/v2\/pages\/11991\/revisions"}],"predecessor-version":[{"id":11996,"href":"https:\/\/tenborin.org\/en\/wp-json\/wp\/v2\/pages\/11991\/revisions\/11996"}],"wp:attachment":[{"href":"https:\/\/tenborin.org\/en\/wp-json\/wp\/v2\/media?parent=11991"}],"curies":[{"name":"wp","href":"https:\/\/api.w.org\/{rel}","templated":true}]}}