{"id":11937,"date":"2024-04-17T13:20:10","date_gmt":"2024-04-17T13:20:10","guid":{"rendered":"https:\/\/tenborin.org\/faire-un-don-a-horinji\/"},"modified":"2024-06-27T14:56:05","modified_gmt":"2024-06-27T14:56:05","slug":"faire-un-don-a-horinji","status":"publish","type":"page","link":"https:\/\/tenborin.org\/en\/faire-un-don-a-horinji\/","title":{"rendered":"Donate to Horinji"},"content":{"rendered":"[vc_row type=&#8221;in_container&#8221; full_screen_row_position=&#8221;middle&#8221; column_margin=&#8221;default&#8221; column_direction=&#8221;default&#8221; column_direction_tablet=&#8221;default&#8221; column_direction_phone=&#8221;default&#8221; scene_position=&#8221;center&#8221; top_margin=&#8221;20px&#8221; text_color=&#8221;dark&#8221; text_align=&#8221;left&#8221; row_border_radius=&#8221;none&#8221; row_border_radius_applies=&#8221;bg&#8221; overflow=&#8221;visible&#8221; overlay_strength=&#8221;0.3&#8243; gradient_direction=&#8221;left_to_right&#8221; shape_divider_position=&#8221;bottom&#8221; bg_image_animation=&#8221;none&#8221; gradient_type=&#8221;default&#8221; shape_type=&#8221;&#8221;][vc_column column_padding=&#8221;no-extra-padding&#8221; column_padding_tablet=&#8221;inherit&#8221; column_padding_phone=&#8221;inherit&#8221; column_padding_position=&#8221;all&#8221; column_element_direction_desktop=&#8221;default&#8221; column_element_spacing=&#8221;default&#8221; desktop_text_alignment=&#8221;default&#8221; tablet_text_alignment=&#8221;default&#8221; phone_text_alignment=&#8221;default&#8221; background_color_opacity=&#8221;1&#8243; background_hover_color_opacity=&#8221;1&#8243; column_backdrop_filter=&#8221;none&#8221; column_shadow=&#8221;none&#8221; column_border_radius=&#8221;none&#8221; column_link_target=&#8221;_self&#8221; column_position=&#8221;default&#8221; gradient_direction=&#8221;left_to_right&#8221; overlay_strength=&#8221;0.3&#8243; width=&#8221;1\/1&#8243; tablet_width_inherit=&#8221;default&#8221; animation_type=&#8221;default&#8221; bg_image_animation=&#8221;none&#8221; border_type=&#8221;simple&#8221; column_border_width=&#8221;none&#8221; column_border_style=&#8221;solid&#8221;][vc_column_text text_direction=&#8221;default&#8221;]\n<h2>Donate to the Horinji Religious Association<\/h2>\n<p>If you wish to donate to the Horinji Religious Association, please select the British Flag below, then complete the options.<\/p>\n<h2>Why support us?<\/h2>\n<p><strong><span class=\"HwtZe\" lang=\"en\"><span class=\"jCAhz JxVs2d ChMk0b\"><span class=\"ryNqvb\">As a reminder, our religious association aims to promote the S\u00f4t\u00f4 Zen Buddhist school and to transmit the teachings of the Buddha, Dogen Zenji, Keizan Zenji and the masters of the S\u00f4t\u00f4 Zen school.<\/span><\/span><\/span><\/strong><\/p>\n<div>Unlike Association Tenborin, The Religious association H\u00f4rinji can receive legacy donations. Additionally, FOR FRENCH TAX PAYERS, doners can receive a deduction of 2\/3 &#8211; 3\/4 of the donation amount.\u00a0 These donations will be very welcome for us. They will provide assistance to those who need to refocus, meditate, deepen the Way and open their bodhisattva heart.<\/div>\n<div><\/div>\n<div>If this is not a legacy donation, or if you are not a french tax payer &#8211; you may choose to give to the Tenborin Zen Association.<\/div>\n<div><\/div>\n<div>With you, we participate in this movement which ensures a little stability in the world by keeping the teaching of the Buddha alive.<\/div>\n<div><\/div>\n<div>This HELLOASSO account allows you to make a donation in just a few clicks. For all of your donations, you will receive a tax receipt in the first quarter of the following year. You can of course make a transfer directly to the bank account of the H\u00f4rinji religious association or pay by check.<\/div>\n<p>We thank you in advance for your commitment and your generosity.<\/p>\n<p>With our deep Gassho,<\/p>\n<p style=\"padding-left: 40px;\">Rev. Guy Mokuh\u014d Mercier, Kyoshi of the Soto Zen School,<br \/>\nRev. Jean-Marc Kukan Delom , President of H\u00f4rinji Association<\/p>\n[\/vc_column_text][vc_column_text text_direction=&#8221;default&#8221;]<iframe id=\"haWidget\" style=\"width: 100%; height: 750px; border: none;\" src=\"https:\/\/www.helloasso.com\/associations\/association-cultuelle-horinji\/formulaires\/1\/widget\" scrolling=\"auto\"><span style=\"display: inline-block; width: 0px; overflow: hidden; line-height: 0;\" data-mce-type=\"bookmark\" class=\"mce_SELRES_start\">\ufeff<\/span><\/iframe>[\/vc_column_text][\/vc_column][\/vc_row]\n","protected":false},"excerpt":{"rendered":"<p>[vc_row type=&#8221;in_container&#8221; full_screen_row_position=&#8221;middle&#8221; column_margin=&#8221;default&#8221; column_direction=&#8221;default&#8221; column_direction_tablet=&#8221;default&#8221; column_direction_phone=&#8221;default&#8221; scene_position=&#8221;center&#8221; top_margin=&#8221;20px&#8221; text_color=&#8221;dark&#8221; text_align=&#8221;left&#8221; row_border_radius=&#8221;none&#8221; row_border_radius_applies=&#8221;bg&#8221; overflow=&#8221;visible&#8221; overlay_strength=&#8221;0.3&#8243; gradient_direction=&#8221;left_to_right&#8221; shape_divider_position=&#8221;bottom&#8221; bg_image_animation=&#8221;none&#8221; gradient_type=&#8221;default&#8221; shape_type=&#8221;&#8221;][vc_column column_padding=&#8221;no-extra-padding&#8221; column_padding_tablet=&#8221;inherit&#8221; column_padding_phone=&#8221;inherit&#8221; column_padding_position=&#8221;all&#8221; column_element_direction_desktop=&#8221;default&#8221; column_element_spacing=&#8221;default&#8221; desktop_text_alignment=&#8221;default&#8221; tablet_text_alignment=&#8221;default&#8221; phone_text_alignment=&#8221;default&#8221; background_color_opacity=&#8221;1&#8243;&#8230;<\/p>\n","protected":false},"author":1,"featured_media":0,"parent":0,"menu_order":0,"comment_status":"closed","ping_status":"closed","template":"","meta":{"footnotes":""},"class_list":["post-11937","page","type-page","status-publish"],"jetpack_sharing_enabled":true,"_links":{"self":[{"href":"https:\/\/tenborin.org\/en\/wp-json\/wp\/v2\/pages\/11937","targetHints":{"allow":["GET"]}}],"collection":[{"href":"https:\/\/tenborin.org\/en\/wp-json\/wp\/v2\/pages"}],"about":[{"href":"https:\/\/tenborin.org\/en\/wp-json\/wp\/v2\/types\/page"}],"author":[{"embeddable":true,"href":"https:\/\/tenborin.org\/en\/wp-json\/wp\/v2\/users\/1"}],"replies":[{"embeddable":true,"href":"https:\/\/tenborin.org\/en\/wp-json\/wp\/v2\/comments?post=11937"}],"version-history":[{"count":2,"href":"https:\/\/tenborin.org\/en\/wp-json\/wp\/v2\/pages\/11937\/revisions"}],"predecessor-version":[{"id":11939,"href":"https:\/\/tenborin.org\/en\/wp-json\/wp\/v2\/pages\/11937\/revisions\/11939"}],"wp:attachment":[{"href":"https:\/\/tenborin.org\/en\/wp-json\/wp\/v2\/media?parent=11937"}],"curies":[{"name":"wp","href":"https:\/\/api.w.org\/{rel}","templated":true}]}}